{"id":5765,"date":"2022-03-17T09:55:37","date_gmt":"2022-03-17T13:55:37","guid":{"rendered":"https:\/\/www.inovainc.ca\/?page_id=5765"},"modified":"2024-10-31T14:30:04","modified_gmt":"2024-10-31T18:30:04","slug":"a-propos","status":"publish","type":"page","link":"https:\/\/www.inovainc.ca\/fr\/colombie-britannique\/a-propos\/","title":{"rendered":"\u00c0 propos"},"content":{"rendered":"\t\t<div data-elementor-type=\"wp-page\" data-elementor-id=\"5765\" class=\"elementor elementor-5765 elementor-5764\" data-elementor-post-type=\"page\">\n\t\t\t\t\t\t<section class=\"elementor-section elementor-top-section elementor-element elementor-element-453f512 elementor-section-full_width elementor-section-height-default elementor-section-height-default\" data-id=\"453f512\" data-element_type=\"section\" data-e-type=\"section\" data-settings=\"{&quot;background_background&quot;:&quot;classic&quot;}\">\n\t\t\t\t\t\t<div class=\"elementor-container elementor-column-gap-default\">\n\t\t\t\t\t<div class=\"elementor-column elementor-col-50 elementor-top-column elementor-element elementor-element-b670a4c\" data-id=\"b670a4c\" data-element_type=\"column\" data-e-type=\"column\">\n\t\t\t<div class=\"elementor-widget-wrap elementor-element-populated\">\n\t\t\t\t\t\t<div class=\"elementor-element elementor-element-ab0ed5b elementor-widget elementor-widget-image\" data-id=\"ab0ed5b\" data-element_type=\"widget\" data-e-type=\"widget\" data-widget_type=\"image.default\">\n\t\t\t\t<div class=\"elementor-widget-container\">\n\t\t\t\t\t\t\t\t\t\t\t\t\t\t\t<img fetchpriority=\"high\" decoding=\"async\" width=\"788\" height=\"483\" src=\"https:\/\/www.inovainc.ca\/wp-content\/uploads\/2022\/01\/Groupe-defilant-1-1.png\" class=\"attachment-large size-large wp-image-1029\" alt=\"\" srcset=\"https:\/\/www.inovainc.ca\/wp-content\/uploads\/2022\/01\/Groupe-defilant-1-1.png 788w, https:\/\/www.inovainc.ca\/wp-content\/uploads\/2022\/01\/Groupe-defilant-1-1-300x184.png 300w, https:\/\/www.inovainc.ca\/wp-content\/uploads\/2022\/01\/Groupe-defilant-1-1-768x471.png 768w\" sizes=\"(max-width: 788px) 100vw, 788px\" \/>\t\t\t\t\t\t\t\t\t\t\t\t\t\t\t<\/div>\n\t\t\t\t<\/div>\n\t\t\t\t\t<\/div>\n\t\t<\/div>\n\t\t\t\t<div class=\"elementor-column elementor-col-50 elementor-top-column elementor-element elementor-element-0df427c\" data-id=\"0df427c\" data-element_type=\"column\" data-e-type=\"column\">\n\t\t\t<div class=\"elementor-widget-wrap elementor-element-populated\">\n\t\t\t\t\t\t<div class=\"elementor-element elementor-element-91ca74c elementor-widget elementor-widget-heading\" data-id=\"91ca74c\" data-element_type=\"widget\" data-e-type=\"widget\" data-widget_type=\"heading.default\">\n\t\t\t\t<div class=\"elementor-widget-container\">\n\t\t\t\t\t<h1 class=\"elementor-heading-title elementor-size-default\">L'assurance en toute simplicit\u00e9<\/h1>\t\t\t\t<\/div>\n\t\t\t\t<\/div>\n\t\t\t\t<div class=\"elementor-element elementor-element-31b971b elementor-widget elementor-widget-heading\" data-id=\"31b971b\" data-element_type=\"widget\" data-e-type=\"widget\" data-widget_type=\"heading.default\">\n\t\t\t\t<div class=\"elementor-widget-container\">\n\t\t\t\t\t<h2 class=\"elementor-heading-title elementor-size-default\">Notre mission<\/h2>\t\t\t\t<\/div>\n\t\t\t\t<\/div>\n\t\t\t\t<div class=\"elementor-element elementor-element-71afb23 elementor-widget elementor-widget-text-editor\" data-id=\"71afb23\" data-element_type=\"widget\" data-e-type=\"widget\" data-widget_type=\"text-editor.default\">\n\t\t\t\t<div class=\"elementor-widget-container\">\n\t\t\t\t\t\t\t\t\t<p>Procurer aux membres de Costco des produits d&rsquo;assurance pertinents et faciles \u00e0 acheter. Nous vous remercions de consid\u00e9rer <strong>Inova Courtier d\u2019Assurances<\/strong> pour vos besoins en mati\u00e8re d\u2019assurance par l&rsquo;entremise du programme exclusif aux membres de Costco.<\/p>\t\t\t\t\t\t\t\t<\/div>\n\t\t\t\t<\/div>\n\t\t\t\t\t<\/div>\n\t\t<\/div>\n\t\t\t\t\t<\/div>\n\t\t<\/section>\n\t\t\t\t<section class=\"elementor-section elementor-top-section elementor-element elementor-element-f7157cf elementor-section-boxed elementor-section-height-default elementor-section-height-default\" data-id=\"f7157cf\" data-element_type=\"section\" data-e-type=\"section\">\n\t\t\t\t\t\t<div class=\"elementor-container elementor-column-gap-default\">\n\t\t\t\t\t<div class=\"elementor-column elementor-col-100 elementor-top-column elementor-element elementor-element-20fbef6\" data-id=\"20fbef6\" data-element_type=\"column\" data-e-type=\"column\">\n\t\t\t<div class=\"elementor-widget-wrap elementor-element-populated\">\n\t\t\t\t\t\t<div class=\"elementor-element elementor-element-f648b02 elementor-widget elementor-widget-heading\" data-id=\"f648b02\" data-element_type=\"widget\" data-e-type=\"widget\" data-widget_type=\"heading.default\">\n\t\t\t\t<div class=\"elementor-widget-container\">\n\t\t\t\t\t<h2 class=\"elementor-heading-title elementor-size-default\">Comment nous sommes r\u00e9mun\u00e9r\u00e9s<\/h2>\t\t\t\t<\/div>\n\t\t\t\t<\/div>\n\t\t\t\t\t<\/div>\n\t\t<\/div>\n\t\t\t\t\t<\/div>\n\t\t<\/section>\n\t\t\t\t<section class=\"elementor-section elementor-top-section elementor-element elementor-element-a8efb54 elementor-section-boxed elementor-section-height-default elementor-section-height-default\" data-id=\"a8efb54\" data-element_type=\"section\" data-e-type=\"section\">\n\t\t\t\t\t\t<div class=\"elementor-container elementor-column-gap-default\">\n\t\t\t\t\t<div class=\"elementor-column elementor-col-100 elementor-top-column elementor-element elementor-element-49b3dc1\" data-id=\"49b3dc1\" data-element_type=\"column\" data-e-type=\"column\">\n\t\t\t<div class=\"elementor-widget-wrap elementor-element-populated\">\n\t\t\t\t\t\t<section class=\"elementor-section elementor-inner-section elementor-element elementor-element-3ad8035 elementor-section-boxed elementor-section-height-default elementor-section-height-default\" data-id=\"3ad8035\" data-element_type=\"section\" data-e-type=\"section\">\n\t\t\t\t\t\t<div class=\"elementor-container elementor-column-gap-default\">\n\t\t\t\t\t<div class=\"elementor-column elementor-col-50 elementor-inner-column elementor-element elementor-element-3807ce9 dashed_box right bottom\" data-id=\"3807ce9\" data-element_type=\"column\" data-e-type=\"column\">\n\t\t\t<div class=\"elementor-widget-wrap elementor-element-populated\">\n\t\t\t\t\t\t<div class=\"elementor-element elementor-element-ae964e1 elementor-view-default elementor-position-block-start elementor-mobile-position-block-start elementor-widget elementor-widget-icon-box\" data-id=\"ae964e1\" data-element_type=\"widget\" data-e-type=\"widget\" data-widget_type=\"icon-box.default\">\n\t\t\t\t<div class=\"elementor-widget-container\">\n\t\t\t\t\t\t\t<div class=\"elementor-icon-box-wrapper\">\n\n\t\t\t\t\t\t<div class=\"elementor-icon-box-icon\">\n\t\t\t\t<span  class=\"elementor-icon\">\n\t\t\t\t<svg xmlns=\"http:\/\/www.w3.org\/2000\/svg\" height=\"58.028\" viewBox=\"0 0 58.772 58.028\" width=\"58.772\"><g fill=\"#1d1d1b\"><path d=\"m9.3 116.992h-8.184a1.123 1.123 0 0 1 0-2.246h8.184a1.123 1.123 0 0 1 0 2.246\" transform=\"translate(0 -86.107)\"><\/path><path d=\"m203.042 113.992h-8.183a1.123 1.123 0 0 1 0-2.246h8.183a1.123 1.123 0 0 1 0 2.246\" transform=\"translate(-145.387 -83.855)\"><\/path><path d=\"m113.359 10.414a1.122 1.122 0 0 1 -1.123-1.114v-8.185a1.123 1.123 0 0 1 2.246 0v8.185a1.122 1.122 0 0 1 -1.123 1.116\" transform=\"translate(-84.223 .001)\"><\/path><path d=\"m116.359 201.177a1.122 1.122 0 0 1 -1.123-1.116v-8.183a1.123 1.123 0 0 1 2.246 0v8.183a1.122 1.122 0 0 1 -1.123 1.116\" transform=\"translate(-86.474 -143.15)\"><\/path><path d=\"m35.344 177.755a1.116 1.116 0 0 1 -.789-1.905l5.786-5.786a1.116 1.116 0 0 1 1.578 1.578l-5.787 5.786a1.111 1.111 0 0 1 -.789.327\" transform=\"translate(-25.685 -127.372)\"><\/path><path d=\"m170.234 38.65a1.116 1.116 0 0 1 -.789-1.9l5.787-5.786a1.116 1.116 0 0 1 1.578 1.578l-5.787 5.786a1.111 1.111 0 0 1 -.789.327\" transform=\"translate(-126.908 -22.986)\"><\/path><path d=\"m40.43 41.647a1.112 1.112 0 0 1 -.789-.327l-5.787-5.786a1.116 1.116 0 0 1 1.578-1.578l5.786 5.786a1.116 1.116 0 0 1 -.789 1.905\" transform=\"translate(-25.159 -25.235)\"><\/path><path d=\"m177.427 174.429a1.113 1.113 0 0 1 -.789-.327l-5.787-5.787a1.116 1.116 0 0 1 1.578-1.578l5.786 5.786a1.116 1.116 0 0 1 -.789 1.905\" transform=\"translate(-127.963 -124.876)\"><\/path><path d=\"m69.429 195.529a1.116 1.116 0 0 1 -1.018-1.572l3.345-7.468a1.116 1.116 0 1 1 2.037.913l-3.345 7.467a1.117 1.117 0 0 1 -1.019.66\" transform=\"translate(-51.263 -139.448)\"><\/path><path d=\"m145.925 17.5a1.117 1.117 0 0 1 -1.018-1.573l3.345-7.468a1.116 1.116 0 1 1 2.037.912l-3.345 7.468a1.117 1.117 0 0 1 -1.019.66\" transform=\"translate(-108.666 -5.853)\"><\/path><path d=\"m149.272 195.529a1.117 1.117 0 0 1 -1.019-.66l-3.345-7.467a1.116 1.116 0 1 1 2.037-.913l3.345 7.468a1.116 1.116 0 0 1 -1.018 1.572\" transform=\"translate(-108.666 -139.448)\"><\/path><path d=\"m72.776 17.5a1.117 1.117 0 0 1 -1.019-.66l-3.346-7.467a1.116 1.116 0 0 1 2.037-.912l3.345 7.468a1.117 1.117 0 0 1 -1.017 1.571\" transform=\"translate(-51.263 -5.853)\"><\/path><path d=\"m17.874 72.4a1.111 1.111 0 0 1 -.455-.1l-7.469-3.342a1.116 1.116 0 0 1 .912-2.037l7.469 3.346a1.116 1.116 0 0 1 -.457 2.135\" transform=\"translate(-6.971 -50.145)\"><\/path><path d=\"m195.9 148.9a1.111 1.111 0 0 1 -.455-.1l-7.468-3.345a1.116 1.116 0 1 1 .913-2.037l7.468 3.345a1.116 1.116 0 0 1 -.457 2.134\" transform=\"translate(-140.565 -107.549)\"><\/path><path d=\"m10.407 148.9a1.116 1.116 0 0 1 -.457-2.134l7.468-3.346a1.116 1.116 0 0 1 .912 2.037l-7.468 3.343a1.115 1.115 0 0 1 -.455.1\" transform=\"translate(-6.971 -107.549)\"><\/path><path d=\"m188.434 72.4a1.116 1.116 0 0 1 -.457-2.134l7.468-3.346a1.116 1.116 0 1 1 .912 2.036l-7.467 3.344a1.111 1.111 0 0 1 -.456.1\" transform=\"translate(-140.565 -50.144)\"><\/path><path d=\"m97.237 136.286h-2.232v-1.794c-.259-.5-2.143-1.737-5.513-2.911a6.26 6.26 0 0 0 -4.549-.159c-3.588 1.015-5.576 2.113-5.905 2.606v2.258h-2.232v-2.342c-.011-.61-.045-2.527 7.529-4.67a8.491 8.491 0 0 1 5.89.2c4.683 1.632 7.041 3.309 7.011 4.985z\" transform=\"translate(-57.635 -96.684)\"><\/path><path d=\"m98.225 73.783a6.489 6.489 0 1 0 6.489 6.489 6.489 6.489 0 0 0 -6.489-6.489m0 10.692a4.2 4.2 0 1 1 4.2-4.2 4.2 4.2 0 0 1 -4.2 4.2\" transform=\"translate(-68.84 -55.368)\"><\/path><\/g><\/svg>\t\t\t\t<\/span>\n\t\t\t<\/div>\n\t\t\t\n\t\t\t\t\t\t<div class=\"elementor-icon-box-content\">\n\n\t\t\t\t\t\t\t\t\t<h3 class=\"elementor-icon-box-title\">\n\t\t\t\t\t\t<span  >\n\t\t\t\t\t\t\tNotre r\u00f4le\t\t\t\t\t\t<\/span>\n\t\t\t\t\t<\/h3>\n\t\t\t\t\n\t\t\t\t\t\t\t\t\t<p class=\"elementor-icon-box-description\">\n\t\t\t\t\t\tOffrir aux membres Costco la meilleure valeur en mati\u00e8re d\u2019assurance, combinant protection, service et prix. Nous sommes \u00e9galement fiers d\u2019offrir un service personnalis\u00e9 de qualit\u00e9, dont des conseils professionnels, la tenue \u00e0 jour des polices ainsi qu\u2019un soutien en cas de r\u00e9clamation. Au besoin ou en cas de soucis avec votre couverture, nous mettrons notre expertise \u00e0 votre service pour d\u00e9fendre vos int\u00e9r\u00eats.\t\t\t\t\t<\/p>\n\t\t\t\t\n\t\t\t<\/div>\n\t\t\t\n\t\t<\/div>\n\t\t\t\t\t\t<\/div>\n\t\t\t\t<\/div>\n\t\t\t\t\t<\/div>\n\t\t<\/div>\n\t\t\t\t<div class=\"elementor-column elementor-col-50 elementor-inner-column elementor-element elementor-element-fc8eee0 dashed_box bottom\" data-id=\"fc8eee0\" data-element_type=\"column\" data-e-type=\"column\">\n\t\t\t<div class=\"elementor-widget-wrap elementor-element-populated\">\n\t\t\t\t\t\t<div class=\"elementor-element elementor-element-97e42c3 elementor-view-default elementor-position-block-start elementor-mobile-position-block-start elementor-widget elementor-widget-icon-box\" data-id=\"97e42c3\" data-element_type=\"widget\" data-e-type=\"widget\" data-widget_type=\"icon-box.default\">\n\t\t\t\t<div class=\"elementor-widget-container\">\n\t\t\t\t\t\t\t<div class=\"elementor-icon-box-wrapper\">\n\n\t\t\t\t\t\t<div class=\"elementor-icon-box-icon\">\n\t\t\t\t<span  class=\"elementor-icon\">\n\t\t\t\t<svg xmlns=\"http:\/\/www.w3.org\/2000\/svg\" height=\"55.448\" viewBox=\"0 0 54.933 55.448\" width=\"54.933\"><path d=\"m2.192 355.173h7.277v23.584h-7.277zm17.118 2.038a43.577 43.577 0 0 1 6.588 4.611c1.065.848 2.058 1.639 2.976 2.275a43.115 43.115 0 0 1 -8.1-.925c-5.337-1.079-7.9-.593-9.116.027v-6.741c3.149-.507 5.719-.255 7.65.752m15.482 8.547c1.105-.2 2.718-1.651 5.971-4.642a70.37 70.37 0 0 1 8.614-7.144 2.2 2.2 0 0 1 3.335 2.188 6.68 6.68 0 0 1 -.852 2.556c-.93 1.42-5.918 5.965-13.342 12.157a9.768 9.768 0 0 1 -4.96 2.183c-5.034.678-14.354 1.867-21.9 2.461v-9.825a1.1 1.1 0 0 0 .83-.433c.147-.119 1.682-1.185 7.851.063a44.9 44.9 0 0 0 8.822.972q.295 0 .559-.005a11.723 11.723 0 0 0 3.68-.463 5.533 5.533 0 0 0 1.39-.067m-34.788 14.095a1.1 1.1 0 0 0 1.1 1.1h9.469a1.1 1.1 0 0 0 1.1-1.1v-2.137c7.629-.594 17.1-1.8 22.191-2.487a11.959 11.959 0 0 0 6.072-2.672c5.523-4.607 12.4-10.539 13.771-12.639a8.786 8.786 0 0 0 1.182-3.408 4.388 4.388 0 0 0 -6.668-4.391 71.772 71.772 0 0 0 -8.937 7.381c-1.888 1.736-4.236 3.895-4.9 4.1a3.611 3.611 0 0 1 -1.016.018h-.029a8 8 0 0 1 -1.263-.26c-1.116-.313-2.909-1.741-4.808-3.253a45.237 45.237 0 0 0 -6.939-4.84 14.143 14.143 0 0 0 -8.664-1.026v-.165a1.1 1.1 0 0 0 -1.1-1.1h-9.461a1.1 1.1 0 0 0 -1.1 1.1z\" transform=\"translate(0 -325.501)\"><\/path><g fill=\"none\" stroke=\"#000\" stroke-linecap=\"round\" stroke-linejoin=\"round\" stroke-width=\"2\"><ellipse cx=\"31.74\" cy=\"7.911\" rx=\"6.911\" ry=\"6.911\"><\/ellipse><path d=\"m14 344.93v-2.455a6.161 6.161 0 0 1 6.161-6.161h.851l4.123 4.308\" transform=\"translate(6.606 -318.986)\"><\/path><path d=\"m245.661 344.93v-2.455a6.161 6.161 0 0 0 -6.161-6.161h-.851l-4.123 4.308\" transform=\"translate(-202.748 -318.986)\"><\/path><\/g><\/svg>\t\t\t\t<\/span>\n\t\t\t<\/div>\n\t\t\t\n\t\t\t\t\t\t<div class=\"elementor-icon-box-content\">\n\n\t\t\t\t\t\t\t\t\t<h3 class=\"elementor-icon-box-title\">\n\t\t\t\t\t\t<span  >\n\t\t\t\t\t\t\tCommissions\t\t\t\t\t\t<\/span>\n\t\t\t\t\t<\/h3>\n\t\t\t\t\n\t\t\t\t\t\t\t\t\t<p class=\"elementor-icon-box-description\">\n\t\t\t\t\t\tLes commissions que nous touchons sont incluses dans votre prime d\u2019assurance, et nous sont vers\u00e9es par l\u2019assureur pour la distribution et le service de votre police d\u2019assurance. Celles-ci correspondent \u00e0 un pourcentage de la prime tant pour les nouvelles affaires que les renouvellements et sont vers\u00e9es annuellement. <span style=\"white-space: nowrap\">(<a href=\"\/fr\/comment-nous-sommes-payes-pour-nos-services\/\">Voir les d\u00e9tails ici.<\/a>)<\/span>\t\t\t\t\t<\/p>\n\t\t\t\t\n\t\t\t<\/div>\n\t\t\t\n\t\t<\/div>\n\t\t\t\t\t\t<\/div>\n\t\t\t\t<\/div>\n\t\t\t\t\t<\/div>\n\t\t<\/div>\n\t\t\t\t\t<\/div>\n\t\t<\/section>\n\t\t\t\t<section class=\"elementor-section elementor-inner-section elementor-element elementor-element-5dc4c8e elementor-section-boxed elementor-section-height-default elementor-section-height-default\" data-id=\"5dc4c8e\" data-element_type=\"section\" data-e-type=\"section\">\n\t\t\t\t\t\t<div class=\"elementor-container elementor-column-gap-default\">\n\t\t\t\t\t<div class=\"elementor-column elementor-col-50 elementor-inner-column elementor-element elementor-element-5d04e94 dashed_box right\" data-id=\"5d04e94\" data-element_type=\"column\" data-e-type=\"column\">\n\t\t\t<div class=\"elementor-widget-wrap elementor-element-populated\">\n\t\t\t\t\t\t<div class=\"elementor-element elementor-element-e25d527 elementor-view-default elementor-position-block-start elementor-mobile-position-block-start elementor-widget elementor-widget-icon-box\" data-id=\"e25d527\" data-element_type=\"widget\" data-e-type=\"widget\" data-widget_type=\"icon-box.default\">\n\t\t\t\t<div class=\"elementor-widget-container\">\n\t\t\t\t\t\t\t<div class=\"elementor-icon-box-wrapper\">\n\n\t\t\t\t\t\t<div class=\"elementor-icon-box-icon\">\n\t\t\t\t<span  class=\"elementor-icon\">\n\t\t\t\t<svg xmlns=\"http:\/\/www.w3.org\/2000\/svg\" height=\"58.667\" viewBox=\"0 0 54.933 58.667\" width=\"54.933\"><path d=\"m228.678 15.789a13.6 13.6 0 1 1 -13.6-13.6 13.613 13.613 0 0 1 13.6 13.6m-29.387 0a15.789 15.789 0 1 0 15.789-15.789 15.807 15.807 0 0 0 -15.789 15.789\" transform=\"translate(-182.754)\"><\/path><path d=\"m2.192 355.173h7.277v23.584h-7.277zm17.118 2.038a43.577 43.577 0 0 1 6.588 4.611c1.065.848 2.058 1.639 2.976 2.275a43.115 43.115 0 0 1 -8.1-.925c-5.337-1.079-7.9-.593-9.116.027v-6.741c3.149-.507 5.719-.255 7.65.752m15.482 8.547c1.105-.2 2.718-1.651 5.971-4.642a70.37 70.37 0 0 1 8.614-7.144 2.2 2.2 0 0 1 3.335 2.188 6.68 6.68 0 0 1 -.852 2.556c-.93 1.42-5.918 5.965-13.342 12.157a9.768 9.768 0 0 1 -4.96 2.183c-5.034.678-14.354 1.867-21.9 2.461v-9.825a1.1 1.1 0 0 0 .83-.433c.147-.119 1.682-1.185 7.851.063a44.9 44.9 0 0 0 8.822.972q.295 0 .559-.005a11.723 11.723 0 0 0 3.68-.463 5.533 5.533 0 0 0 1.39-.067m-34.788 14.095a1.1 1.1 0 0 0 1.1 1.1h9.469a1.1 1.1 0 0 0 1.1-1.1v-2.137c7.629-.594 17.1-1.8 22.191-2.487a11.959 11.959 0 0 0 6.072-2.672c5.523-4.607 12.4-10.539 13.771-12.639a8.786 8.786 0 0 0 1.182-3.408 4.388 4.388 0 0 0 -6.668-4.391 71.772 71.772 0 0 0 -8.937 7.381c-1.888 1.736-4.236 3.895-4.9 4.1a3.611 3.611 0 0 1 -1.016.018h-.029a8 8 0 0 1 -1.263-.26c-1.116-.313-2.909-1.741-4.808-3.253a45.237 45.237 0 0 0 -6.939-4.84 14.143 14.143 0 0 0 -8.664-1.026v-.165a1.1 1.1 0 0 0 -1.1-1.1h-9.461a1.1 1.1 0 0 0 -1.1 1.1z\" transform=\"translate(0 -322.282)\"><\/path><path d=\"m303.392 106.814a1.1 1.1 0 0 0 1.543-.144l11.924-14.378a1.1 1.1 0 1 0 -1.687-1.4l-11.924 14.378a1.1 1.1 0 0 0 .144 1.543\" transform=\"translate(-277.854 -82.987)\"><\/path><path d=\"m393.49 233.248a1.1 1.1 0 1 1 -2.192 0v-.526a1.1 1.1 0 1 1 2.192 0zm-1.1-3.814a3.291 3.291 0 0 0 -3.288 3.288v.526a3.288 3.288 0 1 0 6.576 0v-.526a3.291 3.291 0 0 0 -3.288-3.288\" transform=\"translate(-356.818 -210.395)\"><\/path><path d=\"m311 71.069a1.1 1.1 0 0 1 2.192 0v.526a1.1 1.1 0 0 1 -2.192 0zm1.1 3.814a3.291 3.291 0 0 0 3.288-3.288v-.526a3.288 3.288 0 0 0 -6.576 0v.526a3.291 3.291 0 0 0 3.288 3.288\" transform=\"translate(-283.183 -62.156)\"><\/path><\/svg>\t\t\t\t<\/span>\n\t\t\t<\/div>\n\t\t\t\n\t\t\t\t\t\t<div class=\"elementor-icon-box-content\">\n\n\t\t\t\t\t\t\t\t\t<h3 class=\"elementor-icon-box-title\">\n\t\t\t\t\t\t<span  >\n\t\t\t\t\t\t\tLes clients sont au c\u0153ur de nos priorit\u00e9s\t\t\t\t\t\t<\/span>\n\t\t\t\t\t<\/h3>\n\t\t\t\t\n\t\t\t\t\t\t\t\t\t<p class=\"elementor-icon-box-description\">\n\t\t\t\t\t\tNous mettons tout en \u0153uvre pour accomplir notre travail dans l\u2019int\u00e9r\u00eat de ceux-ci, en proposant de meilleurs produits et services que nos concurrents. Si vous avez des questions d\u2019ordre g\u00e9n\u00e9ral ou sp\u00e9cifique \u00e0 votre assurance, n\u2019h\u00e9sitez pas \u00e0 communiquer avec l\u2019un de nos courtiers ou repr\u00e9sentant du service \u00e0 la client\u00e8le d\u2019Inova Courtiers d\u2019Assurances Inc.\t\t\t\t\t<\/p>\n\t\t\t\t\n\t\t\t<\/div>\n\t\t\t\n\t\t<\/div>\n\t\t\t\t\t\t<\/div>\n\t\t\t\t<\/div>\n\t\t\t\t\t<\/div>\n\t\t<\/div>\n\t\t\t\t<div class=\"elementor-column elementor-col-50 elementor-inner-column elementor-element elementor-element-0ad6270\" data-id=\"0ad6270\" data-element_type=\"column\" data-e-type=\"column\">\n\t\t\t<div class=\"elementor-widget-wrap elementor-element-populated\">\n\t\t\t\t\t\t<div class=\"elementor-element elementor-element-e561c1a elementor-view-default elementor-position-block-start elementor-mobile-position-block-start elementor-widget elementor-widget-icon-box\" data-id=\"e561c1a\" data-element_type=\"widget\" data-e-type=\"widget\" data-widget_type=\"icon-box.default\">\n\t\t\t\t<div class=\"elementor-widget-container\">\n\t\t\t\t\t\t\t<div class=\"elementor-icon-box-wrapper\">\n\n\t\t\t\t\t\t<div class=\"elementor-icon-box-icon\">\n\t\t\t\t<span  class=\"elementor-icon\">\n\t\t\t\t<svg xmlns=\"http:\/\/www.w3.org\/2000\/svg\" xmlns:xlink=\"http:\/\/www.w3.org\/1999\/xlink\" height=\"53.027\" viewBox=\"0 0 53.686 53.027\" width=\"53.686\"><clipPath id=\"a\"><path d=\"m0 0h53.686v53.027h-53.686z\"><\/path><\/clipPath><g clip-path=\"url(#a)\"><path d=\"m15.493 40.406a.929.929 0 0 0 .63-.333l15.509-18.7a.932.932 0 1 0 -1.4-1.234l-15.544 18.744a.932.932 0 0 0 .123 1.311l-.316.38.316-.38a.956.956 0 0 0 .681.211\" transform=\"translate(-.174 -.238)\"><\/path><path d=\"m27.663 35.021a3.794 3.794 0 0 0 -3.783 3.784v.684a3.783 3.783 0 0 0 7.565 0v-.689a3.793 3.793 0 0 0 -3.782-3.783m1.919 4.462a1.922 1.922 0 0 1 -1.873 1.959h-.047a1.917 1.917 0 0 1 -1.918-1.872v-.766a1.918 1.918 0 0 1 1.872-1.954 1.943 1.943 0 0 1 1.966 1.872z\" transform=\"translate(-.287 -.42)\"><\/path><path d=\"m18.891 25.614a3.793 3.793 0 0 0 3.783-3.783v-.684a3.783 3.783 0 0 0 -7.565 0v.685a3.792 3.792 0 0 0 3.782 3.782m-1.92-4.461a1.92 1.92 0 0 1 3.839-.087v.766a1.921 1.921 0 0 1 -1.873 1.954h-.047a1.923 1.923 0 0 1 -1.919-1.873z\" transform=\"translate(-.181 -.208)\"><\/path><path d=\"m42.694 22.738h-.009a11.369 11.369 0 0 1 .009-22.738h.006a11.314 11.314 0 0 1 4.62.983 1.137 1.137 0 1 1 -.925 2.077 9.046 9.046 0 0 0 -3.7-.787 9.1 9.1 0 0 0 -.006 18.193h.006a9.1 9.1 0 0 0 9.1-9.091v-.942a1.137 1.137 0 0 1 2.273 0v.943a11.371 11.371 0 0 1 -11.374 11.362\" transform=\"translate(-.376)\"><\/path><path d=\"m42.78 14.592a1.138 1.138 0 0 1 -.8-.332l-3.071-3.07a1.136 1.136 0 1 1 1.606-1.607l2.267 2.266 9.429-9.44a1.136 1.136 0 0 1 1.607 1.606l-10.235 10.244a1.132 1.132 0 0 1 -.803.333z\" transform=\"translate(-.463 -.025)\"><\/path><path d=\"m44.151 29.879a21.048 21.048 0 1 1 -15.503-20.179 13.319 13.319 0 0 1 .552-2.267 23.226 23.226 0 0 0 -29.2 22.446 23.228 23.228 0 1 0 45.832-5.327 13.385 13.385 0 0 1 -2.278.474 20.854 20.854 0 0 1 .6 4.853\" transform=\"translate(0 -.08)\"><\/path><\/g><\/svg>\t\t\t\t<\/span>\n\t\t\t<\/div>\n\t\t\t\n\t\t\t\t\t\t<div class=\"elementor-icon-box-content\">\n\n\t\t\t\t\t\t\t\t\t<h3 class=\"elementor-icon-box-title\">\n\t\t\t\t\t\t<span  >\n\t\t\t\t\t\t\tCommissions conditionnelles\t\t\t\t\t\t<\/span>\n\t\t\t\t\t<\/h3>\n\t\t\t\t\n\t\t\t\t\t\t\t\t\t<p class=\"elementor-icon-box-description\">\n\t\t\t\t\t\tNous touchons \u00e9galement des commissions aux termes d\u2019ententes sp\u00e9ciales conclues avec la plupart des assureurs. Ces commissions sont dites \u00ab conditionnelles \u00bb, car nous n\u2019y avons droit que si nous r\u00e9pondons \u00e0 certains crit\u00e8res pr\u00e9cis, \u00e9valu\u00e9s sur une base annuelle.\n\t\t\t\t\t<\/p>\n\t\t\t\t\n\t\t\t<\/div>\n\t\t\t\n\t\t<\/div>\n\t\t\t\t\t\t<\/div>\n\t\t\t\t<\/div>\n\t\t\t\t\t<\/div>\n\t\t<\/div>\n\t\t\t\t\t<\/div>\n\t\t<\/section>\n\t\t\t\t\t<\/div>\n\t\t<\/div>\n\t\t\t\t\t<\/div>\n\t\t<\/section>\n\t\t\t\t<\/div>\n\t\t","protected":false},"excerpt":{"rendered":"<p>L&rsquo;assurance en toute simplicit\u00e9 Notre mission Procurer aux membres de Costco des produits d&rsquo;assurance pertinents et faciles \u00e0 acheter. Nous vous remercions de consid\u00e9rer Inova Courtier d\u2019Assurances pour vos besoins en mati\u00e8re d\u2019assurance par l&rsquo;entremise du programme exclusif aux membres de Costco. Comment nous sommes r\u00e9mun\u00e9r\u00e9s Notre r\u00f4le Offrir aux membres Costco la meilleure valeur [&hellip;]<\/p>\n","protected":false},"author":1,"featured_media":0,"parent":3087,"menu_order":7,"comment_status":"closed","ping_status":"closed","template":"","meta":{"_acf_changed":false,"_seopress_robots_primary_cat":"","_seopress_titles_title":"\u00c0 propos | Colombie-Britannique | Inova Courtier d&#039;Assurances Inc.","_seopress_titles_desc":"","_seopress_robots_index":"","site-sidebar-layout":"no-sidebar","site-content-layout":"page-builder","ast-site-content-layout":"default","site-content-style":"default","site-sidebar-style":"default","ast-global-header-display":"","ast-banner-title-visibility":"","ast-main-header-display":"","ast-hfb-above-header-display":"","ast-hfb-below-header-display":"","ast-hfb-mobile-header-display":"","site-post-title":"disabled","ast-breadcrumbs-content":"","ast-featured-img":"disabled","footer-sml-layout":"","ast-disable-related-posts":"","theme-transparent-header-meta":"default","adv-header-id-meta":"","stick-header-meta":"","header-above-stick-meta":"","header-main-stick-meta":"","header-below-stick-meta":"","astra-migrate-meta-layouts":"default","ast-page-background-enabled":"default","ast-page-background-meta":{"desktop":{"background-color":"var(--ast-global-color-4)","background-image":"","background-repeat":"repeat","background-position":"center center","background-size":"auto","background-attachment":"scroll","background-type":"","background-media":"","overlay-type":"","overlay-color":"","overlay-opacity":"","overlay-gradient":""},"tablet":{"background-color":"","background-image":"","background-repeat":"repeat","background-position":"center center","background-size":"auto","background-attachment":"scroll","background-type":"","background-media":"","overlay-type":"","overlay-color":"","overlay-opacity":"","overlay-gradient":""},"mobile":{"background-color":"","background-image":"","background-repeat":"repeat","background-position":"center center","background-size":"auto","background-attachment":"scroll","background-type":"","background-media":"","overlay-type":"","overlay-color":"","overlay-opacity":"","overlay-gradient":""}},"ast-content-background-meta":{"desktop":{"background-color":"var(--ast-global-color-5)","background-image":"","background-repeat":"repeat","background-position":"center center","background-size":"auto","background-attachment":"scroll","background-type":"","background-media":"","overlay-type":"","overlay-color":"","overlay-opacity":"","overlay-gradient":""},"tablet":{"background-color":"var(--ast-global-color-5)","background-image":"","background-repeat":"repeat","background-position":"center center","background-size":"auto","background-attachment":"scroll","background-type":"","background-media":"","overlay-type":"","overlay-color":"","overlay-opacity":"","overlay-gradient":""},"mobile":{"background-color":"var(--ast-global-color-5)","background-image":"","background-repeat":"repeat","background-position":"center center","background-size":"auto","background-attachment":"scroll","background-type":"","background-media":"","overlay-type":"","overlay-color":"","overlay-opacity":"","overlay-gradient":""}},"footnotes":""},"class_list":["post-5765","page","type-page","status-publish","hentry"],"acf":[],"_links":{"self":[{"href":"https:\/\/www.inovainc.ca\/fr\/wp-json\/wp\/v2\/pages\/5765","targetHints":{"allow":["GET"]}}],"collection":[{"href":"https:\/\/www.inovainc.ca\/fr\/wp-json\/wp\/v2\/pages"}],"about":[{"href":"https:\/\/www.inovainc.ca\/fr\/wp-json\/wp\/v2\/types\/page"}],"author":[{"embeddable":true,"href":"https:\/\/www.inovainc.ca\/fr\/wp-json\/wp\/v2\/users\/1"}],"replies":[{"embeddable":true,"href":"https:\/\/www.inovainc.ca\/fr\/wp-json\/wp\/v2\/comments?post=5765"}],"version-history":[{"count":0,"href":"https:\/\/www.inovainc.ca\/fr\/wp-json\/wp\/v2\/pages\/5765\/revisions"}],"up":[{"embeddable":true,"href":"https:\/\/www.inovainc.ca\/fr\/wp-json\/wp\/v2\/pages\/3087"}],"wp:attachment":[{"href":"https:\/\/www.inovainc.ca\/fr\/wp-json\/wp\/v2\/media?parent=5765"}],"curies":[{"name":"wp","href":"https:\/\/api.w.org\/{rel}","templated":true}]}}